{"id":1518,"date":"2025-12-30T10:32:47","date_gmt":"2025-12-30T10:32:47","guid":{"rendered":"https:\/\/kanzlei-andrea-mueller.de\/?page_id=1518"},"modified":"2025-12-30T10:32:47","modified_gmt":"2025-12-30T10:32:47","slug":"impressum","status":"publish","type":"page","link":"https:\/\/kanzlei-andrea-mueller.de\/en\/impressum\/","title":{"rendered":"Impressum"},"content":{"rendered":"<p>Angaben gem\u00e4\u00df \u00a7 5 DDG<\/p>\n\n\n\n<p>Rechtsanwaltsb\u00fcro M\u00fcller<br><br>Fleischergasse 6<br>01683 Mei\u00dfen<\/p>\n\n\n\n<p><strong>Vertreten durch:<\/strong><br>Andrea M\u00fcller<\/p>\n\n\n\n<p><strong>Kontakt:<\/strong><br>Telefon: 03521-456733<br>Fax: 03521-456735<br>E-Mail:&nbsp;<a>info@kanzlei-andrea-mueller.de<\/a><\/p>\n\n\n\n<p><strong>Umsatzsteuer-ID:<\/strong><br>Umsatzsteuer-Identifikationsnummer gem\u00e4\u00df \u00a727a Umsatzsteuergesetz: 77 566 428 319<br><br><strong>Wirtschafts-ID:<\/strong><br><\/p>\n\n\n\n<p><strong>Aufsichtsbeh\u00f6rde:<\/strong><br>Rechtsanwaltskammer Sachsen Glacisstra\u00dfe 6 01099 Dresden<\/p>\n\n\n\n<p><strong>Berufsbezeichnung:<\/strong><br>Rechtsanw\u00e4lte<br>Verliehen durch: Bundesrepublik Deutschland<br>Zust\u00e4ndige Kammer: RAK Sachsen<\/p>\n\n\n\n<p><strong>Verbraucherstreitbeilegung \/ Universalschlichtungsstelle<\/strong><br>Wir nehmen nicht an Streitbeilegungsverfahren vor einer Verbraucherschlichtungsstelle teil und sind dazu auch nicht verpflichtet.<\/p>\n\n\n\n<p><\/p>","protected":false},"excerpt":{"rendered":"<p>Angaben gem\u00e4\u00df \u00a7 5 DDG Rechtsanwaltsb\u00fcro M\u00fcller Fleischergasse 601683 Mei\u00dfen Vertreten durch:Andrea M\u00fcller Kontakt:Telefon: 03521-456733Fax: 03521-456735E-Mail:&nbsp;info@kanzlei-andrea-mueller.de Umsatzsteuer-ID:Umsatzsteuer-Identifikationsnummer gem\u00e4\u00df \u00a727a Umsatzsteuergesetz: 77 566 428 319 Wirtschafts-ID: Aufsichtsbeh\u00f6rde:Rechtsanwaltskammer Sachsen Glacisstra\u00dfe 6 01099 Dresden Berufsbezeichnung:Rechtsanw\u00e4lteVerliehen durch: Bundesrepublik DeutschlandZust\u00e4ndige Kammer: RAK Sachsen Verbraucherstreitbeilegung \/ UniversalschlichtungsstelleWir nehmen nicht an Streitbeilegungsverfahren vor einer Verbraucherschlichtungsstelle teil und sind dazu auch nicht verpflichtet.<\/p>","protected":false},"author":1,"featured_media":0,"parent":0,"menu_order":0,"comment_status":"closed","ping_status":"closed","template":"","meta":{"footnotes":""},"class_list":["post-1518","page","type-page","status-publish","hentry"],"_links":{"self":[{"href":"https:\/\/kanzlei-andrea-mueller.de\/en\/wp-json\/wp\/v2\/pages\/1518","targetHints":{"allow":["GET"]}}],"collection":[{"href":"https:\/\/kanzlei-andrea-mueller.de\/en\/wp-json\/wp\/v2\/pages"}],"about":[{"href":"https:\/\/kanzlei-andrea-mueller.de\/en\/wp-json\/wp\/v2\/types\/page"}],"author":[{"embeddable":true,"href":"https:\/\/kanzlei-andrea-mueller.de\/en\/wp-json\/wp\/v2\/users\/1"}],"replies":[{"embeddable":true,"href":"https:\/\/kanzlei-andrea-mueller.de\/en\/wp-json\/wp\/v2\/comments?post=1518"}],"version-history":[{"count":1,"href":"https:\/\/kanzlei-andrea-mueller.de\/en\/wp-json\/wp\/v2\/pages\/1518\/revisions"}],"predecessor-version":[{"id":1519,"href":"https:\/\/kanzlei-andrea-mueller.de\/en\/wp-json\/wp\/v2\/pages\/1518\/revisions\/1519"}],"wp:attachment":[{"href":"https:\/\/kanzlei-andrea-mueller.de\/en\/wp-json\/wp\/v2\/media?parent=1518"}],"curies":[{"name":"wp","href":"https:\/\/api.w.org\/{rel}","templated":true}]}}